{"id":1301,"date":"2024-04-17T13:24:22","date_gmt":"2024-04-17T13:24:22","guid":{"rendered":"https:\/\/hariomtravels.com\/?page_id=1301"},"modified":"2024-05-03T14:45:16","modified_gmt":"2024-05-03T14:45:16","slug":"reservation-dhotel","status":"publish","type":"page","link":"https:\/\/hariomtravels.com\/fr\/services\/reservation-dhotel\/","title":{"rendered":"R\u00e9servation d&rsquo;h\u00f4tels"},"content":{"rendered":"\t\t<div data-elementor-type=\"wp-page\" data-elementor-id=\"1301\" class=\"elementor elementor-1301\" data-elementor-post-type=\"page\">\n\t\t\t\t<div class=\"elementor-element elementor-element-3a4a29b5 e-flex e-con-boxed e-con e-parent\" data-id=\"3a4a29b5\" data-element_type=\"container\" data-e-type=\"container\" data-settings=\"{&quot;background_background&quot;:&quot;classic&quot;}\">\n\t\t\t\t\t<div class=\"e-con-inner\">\n\t\t\t\t\t<\/div>\n\t\t\t\t<\/div>\n\t\t<div class=\"elementor-element elementor-element-76694a09 e-flex e-con-boxed e-con e-parent\" data-id=\"76694a09\" data-element_type=\"container\" data-e-type=\"container\">\n\t\t\t\t\t<div class=\"e-con-inner\">\n\t\t<div class=\"elementor-element elementor-element-7b8ebeeb e-con-full e-flex e-con e-child\" data-id=\"7b8ebeeb\" data-element_type=\"container\" data-e-type=\"container\" data-settings=\"{&quot;background_background&quot;:&quot;classic&quot;}\">\n\t\t\t\t<\/div>\n\t\t<div class=\"elementor-element elementor-element-97a038d e-con-full e-flex e-con e-child\" data-id=\"97a038d\" data-element_type=\"container\" data-e-type=\"container\">\n\t\t<div class=\"elementor-element elementor-element-77faec77 e-con-full e-flex e-con e-child\" data-id=\"77faec77\" data-element_type=\"container\" data-e-type=\"container\">\n\t\t\t\t<div class=\"elementor-element elementor-element-26be9b85 elementor-widget elementor-widget-text-editor\" data-id=\"26be9b85\" data-element_type=\"widget\" data-e-type=\"widget\" data-widget_type=\"text-editor.default\">\n\t\t\t\t<div class=\"elementor-widget-container\">\n\t\t\t\t\t\t\t\t\t<p class=\"text-align-justify\">Notre agence de voyages s&rsquo;occupe \u00e9galement de votre h\u00e9bergement et vous aide \u00e0 trouver le meilleur endroit pour votre s\u00e9jour. Notre expert en vacances recherche le meilleur endroit pour vous disponible dans le pays. Nous nous occupons \u00e9galement du transport terrestre et des forfaits sur mesure qui vous aident \u00e0 faire de votre voyage un voyage sans tracas. Avec un inventaire de plus d&rsquo;un million de chambres d&rsquo;h\u00f4tels de diff\u00e9rentes tailles et standards, vous ne serez jamais \u00e0 court d&rsquo;options pour vos clients.<\/p><p class=\"text-align-justify\">Avec l&rsquo;aide de nos partenaires commerciaux et h\u00f4teliers d\u00e9velopp\u00e9s en interne, notre syst\u00e8me peut comparer diff\u00e9rentes options et vous offrir les meilleures options possibles.Ainsi, vous pouvez \u00eatre assur\u00e9 que le devis qui est sorti de notre syst\u00e8me sera imbattable et vous verrez plus haut ration de conversion une fois que vous commencez \u00e0 utiliser HARIOM TRAVELS BOOKINGS.<\/p><p class=\"text-align-justify\">Le prix que vous obtiendrez de HARIOM TRAVELS ne sera jamais \u00e9gal\u00e9 par aucun concurrent. Cela est d\u00fb au mieux g\u00e9n\u00e9r\u00e9 \u00e0 partir des flux agr\u00e9g\u00e9s de plus de 100 fournisseurs du monde entier.<\/p>\t\t\t\t\t\t\t\t<\/div>\n\t\t\t\t<\/div>\n\t\t\t\t<\/div>\n\t\t\t\t<\/div>\n\t\t\t\t\t<\/div>\n\t\t\t\t<\/div>\n\t\t<div class=\"elementor-element elementor-element-46f9b4b4 e-flex e-con-boxed e-con e-parent\" data-id=\"46f9b4b4\" data-element_type=\"container\" data-e-type=\"container\" data-settings=\"{&quot;background_background&quot;:&quot;classic&quot;}\">\n\t\t\t\t\t<div class=\"e-con-inner\">\n\t\t<div class=\"elementor-element elementor-element-1ddaae93 e-con-full e-flex e-con e-child\" data-id=\"1ddaae93\" data-element_type=\"container\" data-e-type=\"container\">\n\t\t<div class=\"elementor-element elementor-element-355b4f65 e-con-full e-flex e-con e-child\" data-id=\"355b4f65\" data-element_type=\"container\" data-e-type=\"container\" data-settings=\"{&quot;background_background&quot;:&quot;classic&quot;}\">\n\t\t\t\t<div class=\"elementor-element elementor-element-53640302 elementor-view-default elementor-position-block-start elementor-mobile-position-block-start elementor-widget elementor-widget-icon-box\" data-id=\"53640302\" data-element_type=\"widget\" data-e-type=\"widget\" data-widget_type=\"icon-box.default\">\n\t\t\t\t<div class=\"elementor-widget-container\">\n\t\t\t\t\t\t\t<div class=\"elementor-icon-box-wrapper\">\n\n\t\t\t\t\t\t<div class=\"elementor-icon-box-icon\">\n\t\t\t\t<span  class=\"elementor-icon\">\n\t\t\t\t<svg xmlns=\"http:\/\/www.w3.org\/2000\/svg\" xmlns:xlink=\"http:\/\/www.w3.org\/1999\/xlink\" width=\"512\" height=\"512\" x=\"0\" y=\"0\" viewBox=\"0 0 682.667 682.667\" style=\"enable-background:new 0 0 512 512\" xml:space=\"preserve\" class=\"\"><g><defs><clipPath id=\"a\" clipPathUnits=\"userSpaceOnUse\"><path d=\"M0 512h512V0H0Z\" fill=\"#ff7900\" opacity=\"1\" data-original=\"#000000\" class=\"\"><\/path><\/clipPath><\/defs><g clip-path=\"url(#a)\" transform=\"matrix(1.33333 0 0 -1.33333 0 682.667)\"><path d=\"M0 0c13.696-69.014 74.573-121.043 147.61-121.043 30.199 0 58.315 8.901 81.882 24.213l61.383-16.978-16.978 61.383C289.209-28.858 298.11-.742 298.11 29.457c0 73.037-52.029 133.914-121.043 147.61\" style=\"stroke-width:30;stroke-linecap:butt;stroke-linejoin:miter;stroke-miterlimit:10;stroke-dasharray:none;stroke-opacity:1\" transform=\"translate(198.89 136.043)\" fill=\"none\" stroke=\"#ff7900\" stroke-width=\"30\" stroke-linecap=\"butt\" stroke-linejoin=\"miter\" stroke-miterlimit=\"10\" stroke-dasharray=\"none\" stroke-opacity=\"\" data-original=\"#000000\" class=\"\" opacity=\"1\"><\/path><path d=\"M0 0c-99.687 0-180.5-80.813-180.5-180.5 0-35.738 10.389-69.049 28.307-97.081l-21.072-76.184 76.184 21.072C-69.048-350.612-35.738-361 0-361c99.687 0 180.5 80.813 180.5 180.5S99.687 0 0 0Z\" style=\"stroke-width:30;stroke-linecap:butt;stroke-linejoin:miter;stroke-miterlimit:10;stroke-dasharray:none;stroke-opacity:1\" transform=\"translate(195.5 497)\" fill=\"none\" stroke=\"#ff7900\" stroke-width=\"30\" stroke-linecap=\"butt\" stroke-linejoin=\"miter\" stroke-miterlimit=\"10\" stroke-dasharray=\"none\" stroke-opacity=\"\" data-original=\"#000000\" class=\"\" opacity=\"1\"><\/path><path d=\"M210.5 211h-30v30h30z\" style=\"fill-opacity:1;fill-rule:nonzero;stroke:none\" fill=\"#ff7900\" data-original=\"#000000\" class=\"\" opacity=\"1\"><\/path><path d=\"M0 0c0 24.853 20.147 45 45 45S90 24.853 90 0c0-13.15-5.643-24.981-14.637-33.208L45-61v-30\" style=\"stroke-width:30;stroke-linecap:butt;stroke-linejoin:miter;stroke-miterlimit:10;stroke-dasharray:none;stroke-opacity:1\" transform=\"translate(150.5 362)\" fill=\"none\" stroke=\"#ff7900\" stroke-width=\"30\" stroke-linecap=\"butt\" stroke-linejoin=\"miter\" stroke-miterlimit=\"10\" stroke-dasharray=\"none\" stroke-opacity=\"\" data-original=\"#000000\" class=\"\" opacity=\"1\"><\/path><\/g><\/g><\/svg>\t\t\t\t<\/span>\n\t\t\t<\/div>\n\t\t\t\n\t\t\t\t\t\t<div class=\"elementor-icon-box-content\">\n\n\t\t\t\t\n\t\t\t\t\t\t\t\t\t<p class=\"elementor-icon-box-description\">\n\t\t\t\t\t\tContactez-nous facilement \n\u00e0 salespnr@hariomtravels.com<br>(+242) 05 555 55 79<br>(+242) 04 485 09 09\t\t\t\t\t<\/p>\n\t\t\t\t\n\t\t\t<\/div>\n\t\t\t\n\t\t<\/div>\n\t\t\t\t\t\t<\/div>\n\t\t\t\t<\/div>\n\t\t\t\t<\/div>\n\t\t\t\t<\/div>\n\t\t\t\t\t<\/div>\n\t\t\t\t<\/div>\n\t\t<div class=\"elementor-element elementor-element-648d4557 suite e-flex e-con-boxed e-con e-parent\" data-id=\"648d4557\" data-element_type=\"container\" data-e-type=\"container\" data-settings=\"{&quot;background_background&quot;:&quot;classic&quot;}\">\n\t\t\t\t\t<div class=\"e-con-inner\">\n\t\t\t\t<div class=\"elementor-element elementor-element-7d628561 elementor-widget elementor-widget-text-editor\" data-id=\"7d628561\" data-element_type=\"widget\" data-e-type=\"widget\" data-widget_type=\"text-editor.default\">\n\t\t\t\t<div class=\"elementor-widget-container\">\n\t\t\t\t\t\t\t\t\tNous avons re\u00e7u de multiples distinctions\t\t\t\t\t\t\t\t<\/div>\n\t\t\t\t<\/div>\n\t\t<div class=\"elementor-element elementor-element-3113636e e-flex e-con-boxed e-con e-child\" data-id=\"3113636e\" data-element_type=\"container\" data-e-type=\"container\">\n\t\t\t\t\t<div class=\"e-con-inner\">\n\t\t\t\t<div class=\"elementor-element elementor-element-60807f59 elementor-widget elementor-widget-gallery\" data-id=\"60807f59\" data-element_type=\"widget\" data-e-type=\"widget\" data-settings=\"{&quot;columns&quot;:6,&quot;aspect_ratio&quot;:&quot;21:9&quot;,&quot;columns_mobile&quot;:2,&quot;lazyload&quot;:&quot;yes&quot;,&quot;gallery_layout&quot;:&quot;grid&quot;,&quot;columns_tablet&quot;:2,&quot;gap&quot;:{&quot;unit&quot;:&quot;px&quot;,&quot;size&quot;:10,&quot;sizes&quot;:[]},&quot;gap_tablet&quot;:{&quot;unit&quot;:&quot;px&quot;,&quot;size&quot;:10,&quot;sizes&quot;:[]},&quot;gap_mobile&quot;:{&quot;unit&quot;:&quot;px&quot;,&quot;size&quot;:10,&quot;sizes&quot;:[]},&quot;overlay_background&quot;:&quot;yes&quot;,&quot;content_hover_animation&quot;:&quot;fade-in&quot;}\" data-widget_type=\"gallery.default\">\n\t\t\t\t<div class=\"elementor-widget-container\">\n\t\t\t\t\t\t\t<div class=\"elementor-gallery__container\">\n\t\t\t\t\t\t\t<div class=\"e-gallery-item elementor-gallery-item elementor-animated-content\">\n\t\t\t\t\t<div class=\"e-gallery-image elementor-gallery-item__image\" data-thumbnail=\"https:\/\/hariomtravels.com\/wp-content\/uploads\/2024\/03\/HARIOM-PRIX_Plan-de-travail-1.svg\" data-width=\"885\" data-height=\"429\" aria-label=\"\" role=\"img\" ><\/div>\n\t\t\t\t\t\t\t\t\t\t\t<div class=\"elementor-gallery-item__overlay\"><\/div>\n\t\t\t\t\t\t\t\t\t\t\t\t\t\t<\/div>\n\t\t\t\t\t\t\t<div class=\"e-gallery-item elementor-gallery-item elementor-animated-content\">\n\t\t\t\t\t<div class=\"e-gallery-image elementor-gallery-item__image\" data-thumbnail=\"https:\/\/hariomtravels.com\/wp-content\/uploads\/2024\/03\/HARIOM-PRIX-02.svg\" data-width=\"885\" data-height=\"429\" aria-label=\"\" role=\"img\" ><\/div>\n\t\t\t\t\t\t\t\t\t\t\t<div class=\"elementor-gallery-item__overlay\"><\/div>\n\t\t\t\t\t\t\t\t\t\t\t\t\t\t<\/div>\n\t\t\t\t\t\t\t<div class=\"e-gallery-item elementor-gallery-item elementor-animated-content\">\n\t\t\t\t\t<div class=\"e-gallery-image elementor-gallery-item__image\" data-thumbnail=\"https:\/\/hariomtravels.com\/wp-content\/uploads\/2024\/03\/HARIOM-PRIX-03.svg\" data-width=\"885\" data-height=\"429\" aria-label=\"\" role=\"img\" ><\/div>\n\t\t\t\t\t\t\t\t\t\t\t<div class=\"elementor-gallery-item__overlay\"><\/div>\n\t\t\t\t\t\t\t\t\t\t\t\t\t\t<\/div>\n\t\t\t\t\t\t\t<div class=\"e-gallery-item elementor-gallery-item elementor-animated-content\">\n\t\t\t\t\t<div class=\"e-gallery-image elementor-gallery-item__image\" data-thumbnail=\"https:\/\/hariomtravels.com\/wp-content\/uploads\/2024\/03\/HARIOM-PRIX-04.svg\" data-width=\"885\" data-height=\"429\" aria-label=\"\" role=\"img\" ><\/div>\n\t\t\t\t\t\t\t\t\t\t\t<div class=\"elementor-gallery-item__overlay\"><\/div>\n\t\t\t\t\t\t\t\t\t\t\t\t\t\t<\/div>\n\t\t\t\t\t\t\t<div class=\"e-gallery-item elementor-gallery-item elementor-animated-content\">\n\t\t\t\t\t<div class=\"e-gallery-image elementor-gallery-item__image\" data-thumbnail=\"https:\/\/hariomtravels.com\/wp-content\/uploads\/2024\/03\/HARIOM-PRIX-05.svg\" data-width=\"885\" data-height=\"429\" aria-label=\"\" role=\"img\" ><\/div>\n\t\t\t\t\t\t\t\t\t\t\t<div class=\"elementor-gallery-item__overlay\"><\/div>\n\t\t\t\t\t\t\t\t\t\t\t\t\t\t<\/div>\n\t\t\t\t\t\t\t<div class=\"e-gallery-item elementor-gallery-item elementor-animated-content\">\n\t\t\t\t\t<div class=\"e-gallery-image elementor-gallery-item__image\" data-thumbnail=\"https:\/\/hariomtravels.com\/wp-content\/uploads\/2024\/03\/HARIOM-PRIX-06.svg\" data-width=\"885\" data-height=\"429\" aria-label=\"\" role=\"img\" ><\/div>\n\t\t\t\t\t\t\t\t\t\t\t<div class=\"elementor-gallery-item__overlay\"><\/div>\n\t\t\t\t\t\t\t\t\t\t\t\t\t\t<\/div>\n\t\t\t\t\t<\/div>\n\t\t\t\t\t<\/div>\n\t\t\t\t<\/div>\n\t\t\t\t\t<\/div>\n\t\t\t\t<\/div>\n\t\t\t\t\t<\/div>\n\t\t\t\t<\/div>\n\t\t<div class=\"elementor-element elementor-element-53affd01 e-flex e-con-boxed e-con e-parent\" data-id=\"53affd01\" data-element_type=\"container\" data-e-type=\"container\" data-settings=\"{&quot;background_background&quot;:&quot;classic&quot;}\">\n\t\t\t\t\t<div class=\"e-con-inner\">\n\t\t\t\t<div class=\"elementor-element elementor-element-2ee6abb5 elementor-widget elementor-widget-shortcode\" data-id=\"2ee6abb5\" data-element_type=\"widget\" data-e-type=\"widget\" data-widget_type=\"shortcode.default\">\n\t\t\t\t<div class=\"elementor-widget-container\">\n\t\t\t\t\t\t\t<div class=\"elementor-shortcode\">\n            <div \n                class=\"elfsight-widget-testimonials-slider elfsight-widget\" \n                data-elfsight-testimonials-slider-options=\"%7B%22template%22%3A%22tiledBalloon%22%2C%22layout%22%3A%22slider%22%2C%22sliderArrows%22%3Atrue%2C%22sliderDrag%22%3Atrue%2C%22sliderSpeed%22%3A0.6%2C%22sliderAutoplay%22%3A0%2C%22sliderPaginationType%22%3A%22classic%22%2C%22widgetTitle%22%3A%22%22%2C%22lang%22%3A%22fr%22%2C%22items%22%3A%5B%7B%22text%22%3A%22J%27ai%20eu%20une%20exp%5Cu00e9rience%20fantastique%20avec%20mon%20voyage.%20L%27h%5Cu00f4tel%20o%5Cu00f9%20nous%20avons%20s%5Cu00e9journ%5Cu00e9%20%5Cu00e9tait%20l%27un%20des%20meilleurs%20que%20je%20connaisse.%22%2C%22name%22%3A%22M.%20Philippe%20Zhang%22%2C%22socialProfileUrl%22%3A%22%22%2C%22caption%22%3A%22Sicofor%22%2C%22picture%22%3Anull%2C%22websiteUrl%22%3A%22%22%2C%22logo%22%3Anull%2C%22rating%22%3A5%2C%22contentDivider%22%3Anull%7D%2C%7B%22text%22%3A%22Excellente%20conception%20d%27itin%5Cu00e9raire%20par%20les%20voyages%20Hariom.%20Tous%20les%20arrangements%20%5Cu00e9taient%20satisfaisants%20et%20nous%20avons%20appr%5Cu00e9ci%5Cu00e9%20tout%20le%20voyage.%22%2C%22name%22%3A%22M.%20Sita%20Jean%20Serge%22%2C%22socialProfileUrl%22%3A%22%22%2C%22caption%22%3A%22H.P.C.I%22%2C%22picture%22%3Anull%2C%22websiteUrl%22%3A%22%22%2C%22logo%22%3Anull%2C%22rating%22%3A5%2C%22contentDivider%22%3Anull%2C%22id%22%3A%22b17998bd-5938-4dbc-ba7c-cf11e50e9150%22%7D%2C%7B%22text%22%3A%22Hariom%20Travel%20nous%20a%20offert%20une%20exp%5Cu00e9rience%20de%20voyage%20vraiment%20merveilleuse.%20Les%20r%5Cu00e9gions%20du%20pays%20que%20nous%20avons%20visit%5Cu00e9es%20%5Cu00e9taient%20magnifiques%2C%20les%20gens%20%5Cu00e9taient%20sympathiques%2C%20tout%20ce%20que%20nous%20mangions%20%5Cu00e9tait%20d%5Cu00e9licieux%20et%20il%20y%20avait%20beaucoup%20de%20choses%20amusantes%20%5Cu00e0%20voir%20et%20%5Cu00e0%20faire.%20Les%20h%5Cu00f4tels%20o%5Cu00f9%20nous%20avons%20s%5Cu00e9journ%5Cu00e9%20%5Cu00e9taient%20tous%20super%20et%20chaque%20excursion%20que%20nous%20avons%20prise%20%5Cu00e9tait%20m%5Cu00e9morable%20et%20amusante.%22%2C%22name%22%3A%22M.%20Gr%5Cu00e9goire%20Marc%22%2C%22socialProfileUrl%22%3A%22%22%2C%22caption%22%3A%22Prezioso%22%2C%22picture%22%3Anull%2C%22websiteUrl%22%3A%22%22%2C%22logo%22%3Anull%2C%22rating%22%3A5%2C%22contentDivider%22%3Anull%2C%22id%22%3A%22c9fd7e9d-fce9-43fe-b84f-e9319c4fca2f%22%7D%2C%7B%22text%22%3A%22Je%20tiens%20%5Cu00e0%20remercier%20Hariom%20Travels%20pour%20avoir%20organis%5Cu00e9%20une%20merveilleuse%20tourn%5Cu00e9e%20pour%20nous.%20Tout%20%5Cu00e9tait%20tr%5Cu00e8s%20bien%20organis%5Cu00e9.%20Merci%20beaucoup%20pour%20tout%21%22%2C%22name%22%3A%22M.%20Anatole%20Bagniakana%22%2C%22socialProfileUrl%22%3A%22%22%2C%22caption%22%3A%22Copremar%22%2C%22picture%22%3Anull%2C%22websiteUrl%22%3A%22%22%2C%22logo%22%3Anull%2C%22rating%22%3A5%2C%22contentDivider%22%3Anull%2C%22id%22%3A%22be20d6c2-d39d-47d6-a1ca-f89dfc817fd5%22%7D%2C%7B%22text%22%3A%22Je%20tiens%20%5Cu00e0%20vous%20remercier%20pour%20tout%20ce%20que%20vous%20avez%20fait%20pour%20r%5Cu00e9ussir%20mon%20tripa.%20F%5Cu00e9licitations%20%5Cu00e0%20tous%20pour%20votre%20professionnalisme%20et%20j%27esp%5Cu00e8re%20voyager%20bient%5Cu00f4t%20avec%20Hariom%20Travels.%22%2C%22name%22%3A%22M.%20Fr%5Cu00e9d%5Cu00e9ric%20Salini%22%2C%22socialProfileUrl%22%3A%22%22%2C%22caption%22%3A%22D%5Cu00e9fi%20Congo%22%2C%22picture%22%3Anull%2C%22websiteUrl%22%3A%22%22%2C%22logo%22%3Anull%2C%22rating%22%3A5%2C%22contentDivider%22%3Anull%2C%22id%22%3A%22fcd0e393-f789-45cf-aeed-7c6d3581de7f%22%7D%2C%7B%22text%22%3A%22Forfait%20tr%5Cu00e8s%20bien%20organis%5Cu00e9%2C%20%5Cu00e9quipe%20de%20support%20incroyable%2C%20vaut%20l%27argent%2C%20dans%20l%27attente%20de%20nombreux%20autres%20voyages.%22%2C%22name%22%3A%22M.%20Ndinga%20Alexie%22%2C%22socialProfileUrl%22%3A%22%22%2C%22caption%22%3A%22I-MEX%20Pharma%22%2C%22picture%22%3Anull%2C%22websiteUrl%22%3A%22%22%2C%22logo%22%3Anull%2C%22rating%22%3A5%2C%22contentDivider%22%3Anull%2C%22id%22%3A%22eaf305f4-4d53-4808-b5bc-7247197fe959%22%7D%5D%2C%22textAlign%22%3A%22left%22%2C%22textView%22%3A%22short%22%2C%22testimonialTextColor%22%3A%22%22%2C%22backgroundColor%22%3A%22%22%2C%22authorNameColor%22%3A%22%22%2C%22captionColor%22%3A%22%22%2C%22starsColor%22%3A%22rgb%28255%2C%20221%2C%2057%29%22%2C%22widgetId%22%3A%222%22%7D\" \n                data-elfsight-testimonials-slider-version=\"1.6.1\"\n                data-elfsight-widget-id=\"elfsight-testimonials-slider-2\">\n            <\/div>\n            <\/div>\n\t\t\t\t\t\t<\/div>\n\t\t\t\t<\/div>\n\t\t\t\t\t<\/div>\n\t\t\t\t<\/div>\n\t\t\t\t<\/div>\n\t\t","protected":false},"excerpt":{"rendered":"<p>Notre agence de voyages s&rsquo;occupe \u00e9galement de votre h\u00e9bergement et vous aide \u00e0 trouver le meilleur endroit pour votre s\u00e9jour. Notre expert en vacances recherche le meilleur endroit pour vous disponible dans le pays. Nous nous occupons \u00e9galement du transport terrestre et des forfaits sur mesure qui vous aident \u00e0 faire de votre voyage un [&hellip;]<\/p>\n","protected":false},"author":1,"featured_media":0,"parent":896,"menu_order":0,"comment_status":"closed","ping_status":"closed","template":"","meta":{"footnotes":""},"class_list":["post-1301","page","type-page","status-publish","hentry"],"_links":{"self":[{"href":"https:\/\/hariomtravels.com\/fr\/wp-json\/wp\/v2\/pages\/1301","targetHints":{"allow":["GET"]}}],"collection":[{"href":"https:\/\/hariomtravels.com\/fr\/wp-json\/wp\/v2\/pages"}],"about":[{"href":"https:\/\/hariomtravels.com\/fr\/wp-json\/wp\/v2\/types\/page"}],"author":[{"embeddable":true,"href":"https:\/\/hariomtravels.com\/fr\/wp-json\/wp\/v2\/users\/1"}],"replies":[{"embeddable":true,"href":"https:\/\/hariomtravels.com\/fr\/wp-json\/wp\/v2\/comments?post=1301"}],"version-history":[{"count":20,"href":"https:\/\/hariomtravels.com\/fr\/wp-json\/wp\/v2\/pages\/1301\/revisions"}],"predecessor-version":[{"id":1748,"href":"https:\/\/hariomtravels.com\/fr\/wp-json\/wp\/v2\/pages\/1301\/revisions\/1748"}],"up":[{"embeddable":true,"href":"https:\/\/hariomtravels.com\/fr\/wp-json\/wp\/v2\/pages\/896"}],"wp:attachment":[{"href":"https:\/\/hariomtravels.com\/fr\/wp-json\/wp\/v2\/media?parent=1301"}],"curies":[{"name":"wp","href":"https:\/\/api.w.org\/{rel}","templated":true}]}}