{"id":1052,"date":"2024-04-12T11:02:41","date_gmt":"2024-04-12T11:02:41","guid":{"rendered":"https:\/\/hariomtravels.com\/?page_id=1052"},"modified":"2024-05-03T14:26:21","modified_gmt":"2024-05-03T14:26:21","slug":"voyages-affaires","status":"publish","type":"page","link":"https:\/\/hariomtravels.com\/en\/voyages-affaires\/","title":{"rendered":"Corporate travel"},"content":{"rendered":"<div data-elementor-type=\"wp-page\" data-elementor-id=\"1052\" class=\"elementor elementor-1052\" data-elementor-post-type=\"page\">\n\t\t\t\t<div class=\"elementor-element elementor-element-a13558e e-flex e-con-boxed e-con e-parent\" data-id=\"a13558e\" data-element_type=\"container\" data-e-type=\"container\" data-settings=\"{&quot;background_background&quot;:&quot;classic&quot;}\">\n\t\t\t\t\t<div class=\"e-con-inner\">\n\t\t\t\t\t<\/div>\n\t\t\t\t<\/div>\n\t\t<div class=\"elementor-element elementor-element-34617b1 e-flex e-con-boxed e-con e-parent\" data-id=\"34617b1\" data-element_type=\"container\" data-e-type=\"container\">\n\t\t\t\t\t<div class=\"e-con-inner\">\n\t\t<div class=\"elementor-element elementor-element-6b53c3a e-con-full e-flex e-con e-child\" data-id=\"6b53c3a\" data-element_type=\"container\" data-e-type=\"container\">\n\t\t<div class=\"elementor-element elementor-element-af98a1e e-con-full e-flex e-con e-child\" data-id=\"af98a1e\" data-element_type=\"container\" data-e-type=\"container\">\n\t\t\t\t<div class=\"elementor-element elementor-element-6036c1a elementor-widget elementor-widget-heading\" data-id=\"6036c1a\" data-element_type=\"widget\" data-e-type=\"widget\" data-widget_type=\"heading.default\">\n\t\t\t\t<div class=\"elementor-widget-container\">\n\t\t\t\t\t<h2 class=\"elementor-heading-title elementor-size-default translation-block\">A business travel experience that <font color=\"#ff7900\">stands out<\/font><\/h2>\t\t\t\t<\/div>\n\t\t\t\t<\/div>\n\t\t\t\t<div class=\"elementor-element elementor-element-75a1a21 elementor-widget elementor-widget-text-editor\" data-id=\"75a1a21\" data-element_type=\"widget\" data-e-type=\"widget\" data-widget_type=\"text-editor.default\">\n\t\t\t\t<div class=\"elementor-widget-container\">\n\t\t\t\t\t\t\t\t\tHariom Travels, understands the frequent travel needs of corporate clients, believes in establishing long term business relationships with us and hence has created a special department for them, so that they benefit from specialized rates and treatment. We welcome all businesses to join Hariom Travels as your travel assistant and experience your trip like never before.\t\t\t\t\t\t\t\t<\/div>\n\t\t\t\t<\/div>\n\t\t\t\t<\/div>\n\t\t\t\t<\/div>\n\t\t<div class=\"elementor-element elementor-element-c88c21b e-con-full e-flex e-con e-child\" data-id=\"c88c21b\" data-element_type=\"container\" data-e-type=\"container\" data-settings=\"{&quot;background_background&quot;:&quot;classic&quot;}\">\n\t\t\t\t<\/div>\n\t\t\t\t\t<\/div>\n\t\t\t\t<\/div>\n\t\t<div class=\"elementor-element elementor-element-af838f1 e-flex e-con-boxed e-con e-parent\" data-id=\"af838f1\" data-element_type=\"container\" data-e-type=\"container\" data-settings=\"{&quot;background_background&quot;:&quot;classic&quot;}\">\n\t\t\t\t\t<div class=\"e-con-inner\">\n\t\t<div class=\"elementor-element elementor-element-990e867 e-con-full e-flex e-con e-child\" data-id=\"990e867\" data-element_type=\"container\" data-e-type=\"container\">\n\t\t\t\t<div class=\"elementor-element elementor-element-0c3b2ba elementor-widget elementor-widget-counter\" data-id=\"0c3b2ba\" data-element_type=\"widget\" data-e-type=\"widget\" data-widget_type=\"counter.default\">\n\t\t\t\t<div class=\"elementor-widget-container\">\n\t\t\t\t\t\t\t<div class=\"elementor-counter\">\n\t\t\t<div class=\"elementor-counter-title\">corporate clients<\/div>\t\t\t<div class=\"elementor-counter-number-wrapper\">\n\t\t\t\t<span class=\"elementor-counter-number-prefix\"><\/span>\n\t\t\t\t<span class=\"elementor-counter-number\" data-duration=\"2000\" data-to-value=\"350\" data-from-value=\"0\" data-delimiter=\",\">0<\/span>\n\t\t\t\t<span class=\"elementor-counter-number-suffix\"><\/span>\n\t\t\t<\/div>\n\t\t<\/div>\n\t\t\t\t\t\t<\/div>\n\t\t\t\t<\/div>\n\t\t\t\t<\/div>\n\t\t<div class=\"elementor-element elementor-element-74d87a8 e-con-full e-flex e-con e-child\" data-id=\"74d87a8\" data-element_type=\"container\" data-e-type=\"container\">\n\t\t\t\t<div class=\"elementor-element elementor-element-3e83466 elementor-widget elementor-widget-counter\" data-id=\"3e83466\" data-element_type=\"widget\" data-e-type=\"widget\" data-widget_type=\"counter.default\">\n\t\t\t\t<div class=\"elementor-widget-container\">\n\t\t\t\t\t\t\t<div class=\"elementor-counter\">\n\t\t\t<div class=\"elementor-counter-title\">of trips<\/div>\t\t\t<div class=\"elementor-counter-number-wrapper\">\n\t\t\t\t<span class=\"elementor-counter-number-prefix\"><\/span>\n\t\t\t\t<span class=\"elementor-counter-number\" data-duration=\"2000\" data-to-value=\"4\" data-from-value=\"0\" data-delimiter=\",\">0<\/span>\n\t\t\t\t<span class=\"elementor-counter-number-suffix\">M<\/span>\n\t\t\t<\/div>\n\t\t<\/div>\n\t\t\t\t\t\t<\/div>\n\t\t\t\t<\/div>\n\t\t\t\t<\/div>\n\t\t<div class=\"elementor-element elementor-element-e080241 e-con-full e-flex e-con e-child\" data-id=\"e080241\" data-element_type=\"container\" data-e-type=\"container\">\n\t\t\t\t<div class=\"elementor-element elementor-element-ff3e5cf elementor-widget elementor-widget-counter\" data-id=\"ff3e5cf\" data-element_type=\"widget\" data-e-type=\"widget\" data-widget_type=\"counter.default\">\n\t\t\t\t<div class=\"elementor-widget-container\">\n\t\t\t\t\t\t\t<div class=\"elementor-counter\">\n\t\t\t<div class=\"elementor-counter-title\">membres<\/div>\t\t\t<div class=\"elementor-counter-number-wrapper\">\n\t\t\t\t<span class=\"elementor-counter-number-prefix\">+<\/span>\n\t\t\t\t<span class=\"elementor-counter-number\" data-duration=\"2000\" data-to-value=\"100\" data-from-value=\"0\" data-delimiter=\",\">0<\/span>\n\t\t\t\t<span class=\"elementor-counter-number-suffix\"><\/span>\n\t\t\t<\/div>\n\t\t<\/div>\n\t\t\t\t\t\t<\/div>\n\t\t\t\t<\/div>\n\t\t\t\t<\/div>\n\t\t<div class=\"elementor-element elementor-element-9abbb41 e-con-full e-flex e-con e-child\" data-id=\"9abbb41\" data-element_type=\"container\" data-e-type=\"container\">\n\t\t\t\t<div class=\"elementor-element elementor-element-c32be9d elementor-widget elementor-widget-counter\" data-id=\"c32be9d\" data-element_type=\"widget\" data-e-type=\"widget\" data-widget_type=\"counter.default\">\n\t\t\t\t<div class=\"elementor-widget-container\">\n\t\t\t\t\t\t\t<div class=\"elementor-counter\">\n\t\t\t<div class=\"elementor-counter-title\">years of experience<\/div>\t\t\t<div class=\"elementor-counter-number-wrapper\">\n\t\t\t\t<span class=\"elementor-counter-number-prefix\">+<\/span>\n\t\t\t\t<span class=\"elementor-counter-number\" data-duration=\"2000\" data-to-value=\"15\" data-from-value=\"0\" data-delimiter=\",\">0<\/span>\n\t\t\t\t<span class=\"elementor-counter-number-suffix\"><\/span>\n\t\t\t<\/div>\n\t\t<\/div>\n\t\t\t\t\t\t<\/div>\n\t\t\t\t<\/div>\n\t\t\t\t<\/div>\n\t\t\t\t\t<\/div>\n\t\t\t\t<\/div>\n\t\t<div class=\"elementor-element elementor-element-fb27836 e-flex e-con-boxed e-con e-parent\" data-id=\"fb27836\" data-element_type=\"container\" data-e-type=\"container\" data-settings=\"{&quot;background_background&quot;:&quot;classic&quot;}\">\n\t\t\t\t\t<div class=\"e-con-inner\">\n\t\t<div class=\"elementor-element elementor-element-b277189 e-flex e-con-boxed e-con e-child\" data-id=\"b277189\" data-element_type=\"container\" data-e-type=\"container\">\n\t\t\t\t\t<div class=\"e-con-inner\">\n\t\t<div class=\"elementor-element elementor-element-a169ef7 e-con-full e-flex e-con e-child\" data-id=\"a169ef7\" data-element_type=\"container\" data-e-type=\"container\" data-settings=\"{&quot;background_background&quot;:&quot;classic&quot;}\">\n\t\t\t\t<div class=\"elementor-element elementor-element-0b73123 elementor-view-default elementor-position-block-start elementor-mobile-position-block-start elementor-widget elementor-widget-icon-box\" data-id=\"0b73123\" data-element_type=\"widget\" data-e-type=\"widget\" data-widget_type=\"icon-box.default\">\n\t\t\t\t<div class=\"elementor-widget-container\">\n\t\t\t\t\t\t\t<div class=\"elementor-icon-box-wrapper\">\n\n\t\t\t\t\t\t<div class=\"elementor-icon-box-icon\">\n\t\t\t\t<span  class=\"elementor-icon\">\n\t\t\t\t<svg xmlns=\"http:\/\/www.w3.org\/2000\/svg\" xmlns:xlink=\"http:\/\/www.w3.org\/1999\/xlink\" width=\"512\" height=\"512\" x=\"0\" y=\"0\" viewbox=\"0 0 68 68\" style=\"enable-background:new 0 0 512 512\" xml:space=\"preserve\" class=\"\"><g><path d=\"M37.514 33.286c0 .17-.01.34-.03.51l-1.63-.63c-1.694-.678-3.336 1.024-2.68 2.65.25.65.49 1.28.73 1.9-.3.07-.6.1-.92.1-2.5 0-4.53-2.03-4.53-4.53s2.03-4.53 4.53-4.53 4.53 2.03 4.53 4.53z\" fill=\"#ff7900\" opacity=\"1\" data-original=\"#000000\" class=\"\"><\/path><path d=\"M31.055 3.063C16.148 3.999 4.007 16.14 3.071 31.057c-1.078 16.952 12.05 31.167 28.615 31.89.712.03 1.301-.57 1.301-1.282v-4.037c0-.681-.518-1.26-1.2-1.301-12.334-.62-22.167-10.85-22.167-23.338 0-12.883 10.473-23.377 23.367-23.377 12.497 0 22.717 9.843 23.348 22.177.03.672.62 1.2 1.29 1.2h4.038c.722 0 1.312-.6 1.281-1.311-.712-16.555-14.927-29.683-31.889-28.615z\" fill=\"#ff7900\" opacity=\"1\" data-original=\"#000000\" class=\"\"><\/path><path d=\"M31.035 15.967c-7.84.875-14.185 7.22-15.06 15.06-1.098 9.833 6.193 18.263 15.609 19.025a1.288 1.288 0 0 0 1.403-1.28v-4.068c0-.651-.488-1.2-1.139-1.271-5.897-.641-10.351-6.173-9.182-12.447.773-4.19 4.139-7.555 8.328-8.328a10.528 10.528 0 0 1 12.447 9.182c.07.61.549 1.088 1.149 1.14.03.01.07.01.112.01h4.077c.753 0 1.342-.651 1.281-1.404-.772-9.426-9.192-16.707-19.025-15.619z\" fill=\"#ff7900\" opacity=\"1\" data-original=\"#000000\" class=\"\"><\/path><path d=\"M31.06 3.062C16.144 4.002 4.007 16.14 3.066 31.054 1.997 48.01 15.123 62.227 31.68 62.943c.717.03 1.31-.564 1.31-1.282v-4.036c0-.68-.523-1.262-1.201-1.296-12.337-.627-22.172-10.853-22.172-23.343 0-12.882 10.48-23.373 23.373-23.373 12.49 0 22.716 9.845 23.343 22.173.034.678.616 1.2 1.295 1.2h4.037c.718 0 1.313-.593 1.282-1.31-.716-16.558-14.933-29.683-31.889-28.614z\" fill=\"#ff7900\" opacity=\"1\" data-original=\"#000000\" class=\"\"><\/path><path d=\"M31.034 15.97c-7.844.875-14.184 7.215-15.058 15.06-1.096 9.832 6.19 18.256 15.612 19.024a1.291 1.291 0 0 0 1.403-1.28v-4.073c0-.652-.493-1.193-1.142-1.264a10.532 10.532 0 0 1-9.186-12.45c.776-4.187 4.142-7.553 8.33-8.328a10.532 10.532 0 0 1 12.45 9.185c.07.649.61 1.142 1.263 1.142h4.074c.754 0 1.34-.651 1.279-1.403-.768-9.422-9.192-16.708-19.025-15.612z\" fill=\"#ff7900\" opacity=\"1\" data-original=\"#000000\" class=\"\"><\/path><path d=\"M64.794 45.996c-.105-.084 1.402.515-29.5-11.44-.45-.18-.9.27-.72.72 11.48 29.75 11.271 29.333 11.42 29.52.26.32.81.26.96-.17l4.52-12.81c.06-.16.18-.28.34-.34l12.81-4.52c.444-.16.473-.704.17-.96zM43.252 42.03a.75.75 0 0 1-.97.43l-1.274-.494a.75.75 0 1 1 .541-1.398l1.275.493a.75.75 0 0 1 .428.97zm11.679 4.519a.75.75 0 0 1-.97.429L45.493 43.7a.75.75 0 1 1 .54-1.398l8.47 3.276a.75.75 0 0 1 .428.97z\" fill=\"#ff7900\" opacity=\"1\" data-original=\"#000000\" class=\"\"><\/path><\/g><\/svg>\t\t\t\t<\/span>\n\t\t\t<\/div>\n\t\t\t\n\t\t\t\t\t\t<div class=\"elementor-icon-box-content\">\n\n\t\t\t\t\t\t\t\t\t<h3 class=\"elementor-icon-box-title\">\n\t\t\t\t\t\t<span  >\n\t\t\t\t\t\t\tTraveler Tracking System\t\t\t\t\t\t<\/span>\n\t\t\t\t\t<\/h3>\n\t\t\t\t\n\t\t\t\t\t\t\t\t\t<p class=\"elementor-icon-box-description translation-block\">- Instantly shares the traveler's location using the smartphone's GPS functionality. <br>- Uninterrupted professional assistance to travelers in an effective and efficient manner.<br>- Helps us monitor the safety and well-being of travelers throughout their journey.<br>- Facilitates communication with travelers through to the two-way messaging option.<\/p>\n\t\t\t\t\n\t\t\t<\/div>\n\t\t\t\n\t\t<\/div>\n\t\t\t\t\t\t<\/div>\n\t\t\t\t<\/div>\n\t\t\t\t<\/div>\n\t\t<div class=\"elementor-element elementor-element-6139859 e-con-full e-flex e-con e-child\" data-id=\"6139859\" data-element_type=\"container\" data-e-type=\"container\" data-settings=\"{&quot;background_background&quot;:&quot;classic&quot;}\">\n\t\t\t\t<div class=\"elementor-element elementor-element-3a83dca elementor-view-default elementor-position-block-start elementor-mobile-position-block-start elementor-widget elementor-widget-icon-box\" data-id=\"3a83dca\" data-element_type=\"widget\" data-e-type=\"widget\" data-widget_type=\"icon-box.default\">\n\t\t\t\t<div class=\"elementor-widget-container\">\n\t\t\t\t\t\t\t<div class=\"elementor-icon-box-wrapper\">\n\n\t\t\t\t\t\t<div class=\"elementor-icon-box-icon\">\n\t\t\t\t<span  class=\"elementor-icon\">\n\t\t\t\t<svg xmlns=\"http:\/\/www.w3.org\/2000\/svg\" xmlns:xlink=\"http:\/\/www.w3.org\/1999\/xlink\" width=\"512\" height=\"512\" x=\"0\" y=\"0\" viewbox=\"0 0 512 512\" style=\"enable-background:new 0 0 512 512\" xml:space=\"preserve\" class=\"\"><g><path d=\"M456.832 32.133H415.6V15c0-8.284-6.716-15-15-15s-15 6.716-15 15v17.133h-66.4V15c0-8.284-6.716-15-15-15s-15 6.716-15 15v17.133h-66.4V15c0-8.284-6.716-15-15-15s-15 6.716-15 15v17.133h-66.4V15c0-8.284-6.716-15-15-15s-15 6.716-15 15v17.133H55.166C24.748 32.133 0 56.88 0 87.3v369.533C0 487.252 24.748 512 55.166 512h401.666C487.251 512 512 487.252 512 456.833V87.3c0-30.42-24.749-55.167-55.168-55.167zm-401.666 30H96.4v17.134c0 8.284 6.716 15 15 15s15-6.716 15-15V62.133h66.398v17.134c0 8.284 6.716 15 15 15s15-6.716 15-15V62.133h66.4v17.134c0 8.284 6.716 15 15 15s15-6.716 15-15V62.133h66.4v17.134c0 8.284 6.716 15 15 15s15-6.716 15-15V62.133h41.232c13.879 0 25.17 11.29 25.17 25.167v41.233H30V87.3c0-13.877 11.29-25.167 25.166-25.167zM456.832 482H55.166C41.29 482 30 470.71 30 456.833v-298.3h452v298.3C482 470.71 470.709 482 456.832 482z\" fill=\"#ff7900\" opacity=\"1\" data-original=\"#000000\" class=\"\"><\/path><path d=\"M151.566 208.867H87.299c-8.284 0-15 6.716-15 15v64.266c0 8.284 6.716 15 15 15h64.268c8.284 0 15-6.716 15-15v-64.266c-.001-8.284-6.716-15-15.001-15zm-15 64.266h-34.268v-34.266h34.268zM424.699 208.867h-64.266c-8.284 0-15 6.716-15 15v64.266c0 8.284 6.716 15 15 15h64.266c8.284 0 15-6.716 15-15v-64.266c0-8.284-6.716-15-15-15zm-15 64.266h-34.266v-34.266h34.266zM151.566 337.4H87.299c-8.284 0-15 6.716-15 15v64.266c0 8.284 6.716 15 15 15h64.268c8.284 0 15-6.716 15-15V352.4c-.001-8.284-6.716-15-15.001-15zm-15 64.266h-34.268V367.4h34.268zM424.699 337.4h-64.266c-8.284 0-15 6.716-15 15v64.266c0 8.284 6.716 15 15 15h64.266c8.284 0 15-6.716 15-15V352.4c0-8.284-6.716-15-15-15zm-15 64.266h-34.266V367.4h34.266zM288.133 337.4h-64.268c-8.284 0-15 6.716-15 15v64.266c0 8.284 6.716 15 15 15h64.268c8.284 0 15-6.716 15-15V352.4c0-8.284-6.716-15-15-15zm-15 64.266h-34.268V367.4h34.268zM279.475 222.673l-34.834 34.836-12.116-12.116c-5.857-5.858-15.355-5.858-21.213 0s-5.858 15.355 0 21.213l22.723 22.723a15 15 0 0 0 21.213 0l45.441-45.443c5.857-5.858 5.857-15.355 0-21.213-5.859-5.858-15.356-5.858-21.214 0z\" fill=\"#ff7900\" opacity=\"1\" data-original=\"#000000\" class=\"\"><\/path><\/g><\/svg>\t\t\t\t<\/span>\n\t\t\t<\/div>\n\t\t\t\n\t\t\t\t\t\t<div class=\"elementor-icon-box-content\">\n\n\t\t\t\t\t\t\t\t\t<h3 class=\"elementor-icon-box-title\">\n\t\t\t\t\t\t<span  >\n\t\t\t\t\t\t\tCorporate Booking Tool\t\t\t\t\t\t<\/span>\n\t\t\t\t\t<\/h3>\n\t\t\t\t\n\t\t\t\t\t\t\t\t\t<p class=\"elementor-icon-box-description translation-block\">- Allows us to manage expenses while respecting economic policy.<br>- Helps reduce costs through optimized travel acquisition.<br>- Increased online adoption to save money.<br>- Provides seamless end-to-end integration.<\/p>\n\t\t\t\t\n\t\t\t<\/div>\n\t\t\t\n\t\t<\/div>\n\t\t\t\t\t\t<\/div>\n\t\t\t\t<\/div>\n\t\t\t\t<\/div>\n\t\t\t\t\t<\/div>\n\t\t\t\t<\/div>\n\t\t\t\t\t<\/div>\n\t\t\t\t<\/div>\n\t\t\t\t<\/div>","protected":false},"excerpt":{"rendered":"<p>Une exp\u00e9rience de voyage d&rsquo;affaires qui se d\u00e9marque Hariom Travels, comprend les besoins de voyages fr\u00e9quents des entreprises clientes, croit en l&rsquo;\u00e9tablissement de relations commerciales \u00e0 long terme avec nous et a donc cr\u00e9\u00e9 un d\u00e9partement sp\u00e9cial pour eux, afin qu&rsquo;ils b\u00e9n\u00e9ficient de tarifs et d&rsquo;un traitement sp\u00e9cialis\u00e9s. Nous invitons toutes les entreprises \u00e0 rejoindre [&hellip;]<\/p>\n","protected":false},"author":1,"featured_media":0,"parent":0,"menu_order":0,"comment_status":"closed","ping_status":"closed","template":"","meta":{"footnotes":""},"class_list":["post-1052","page","type-page","status-publish","hentry"],"_links":{"self":[{"href":"https:\/\/hariomtravels.com\/en\/wp-json\/wp\/v2\/pages\/1052","targetHints":{"allow":["GET"]}}],"collection":[{"href":"https:\/\/hariomtravels.com\/en\/wp-json\/wp\/v2\/pages"}],"about":[{"href":"https:\/\/hariomtravels.com\/en\/wp-json\/wp\/v2\/types\/page"}],"author":[{"embeddable":true,"href":"https:\/\/hariomtravels.com\/en\/wp-json\/wp\/v2\/users\/1"}],"replies":[{"embeddable":true,"href":"https:\/\/hariomtravels.com\/en\/wp-json\/wp\/v2\/comments?post=1052"}],"version-history":[{"count":25,"href":"https:\/\/hariomtravels.com\/en\/wp-json\/wp\/v2\/pages\/1052\/revisions"}],"predecessor-version":[{"id":1726,"href":"https:\/\/hariomtravels.com\/en\/wp-json\/wp\/v2\/pages\/1052\/revisions\/1726"}],"wp:attachment":[{"href":"https:\/\/hariomtravels.com\/en\/wp-json\/wp\/v2\/media?parent=1052"}],"curies":[{"name":"wp","href":"https:\/\/api.w.org\/{rel}","templated":true}]}}