{"id":758,"date":"2024-04-05T09:51:02","date_gmt":"2024-04-05T09:51:02","guid":{"rendered":"https:\/\/hariomtravels.com\/?page_id=758"},"modified":"2024-05-03T14:23:33","modified_gmt":"2024-05-03T14:23:33","slug":"termes-conditions","status":"publish","type":"page","link":"http:\/\/hariomtravels.com\/fr\/termes-conditions\/","title":{"rendered":"Termes et conditions"},"content":{"rendered":"\t\t<div data-elementor-type=\"wp-page\" data-elementor-id=\"758\" class=\"elementor elementor-758\" data-elementor-post-type=\"page\">\n\t\t\t\t<div class=\"elementor-element elementor-element-eca00c1 e-flex e-con-boxed e-con e-parent\" data-id=\"eca00c1\" data-element_type=\"container\" data-e-type=\"container\" data-settings=\"{&quot;background_background&quot;:&quot;classic&quot;}\">\n\t\t\t\t\t<div class=\"e-con-inner\">\n\t\t\t\t\t<\/div>\n\t\t\t\t<\/div>\n\t\t<div class=\"elementor-element elementor-element-19281a74 e-flex e-con-boxed e-con e-parent\" data-id=\"19281a74\" data-element_type=\"container\" data-e-type=\"container\">\n\t\t\t\t\t<div class=\"e-con-inner\">\n\t\t\t\t<div class=\"elementor-element elementor-element-6ae0197 elementor-widget elementor-widget-text-editor\" data-id=\"6ae0197\" data-element_type=\"widget\" data-e-type=\"widget\" data-widget_type=\"text-editor.default\">\n\t\t\t\t<div class=\"elementor-widget-container\">\n\t\t\t\t\t\t\t\t\t\n<p class=\"text-align-justify\">Merci d&rsquo;avoir choisi Hari Om Travels pour la meilleure exp\u00e9rience de voyage. Nous mettons tout en \u0153uvre pour que vous viviez une exp\u00e9rience de vacances chaleureuse et agr\u00e9able. Nous accordons une attention particuli\u00e8re \u00e0 chaque d\u00e9tail de votre visite. Dans le m\u00eame temps, nous vous demandons de lire et de suivre les termes et conditions ci-dessous. Afin d&rsquo;utiliser ce site Web, vous devez donner votre consentement sans r\u00e9serve \u00e0 ces termes et conditions et si vous n&rsquo;\u00eates pas d&rsquo;accord avec une partie de ces termes et conditions, vous ne pouvez en aucun cas utiliser ce site. Par cons\u00e9quent, assurez-vous de lire les termes et conditions tr\u00e8s attentivement pour \u00e9viter tout malentendu et assurer une visite sans tracas et agr\u00e9able.<\/p>\n<p class=\"text-align-justify\">\u00a0<\/p>\n<h3 class=\"text-align-justify wp-block-heading\">Description et d\u00e9but:<\/h3>\n<ul>\n<li class=\"text-align-justify\">Ces Termes et Conditions s&rsquo;appellent les Termes et Conditions de HARI OM TRAVELS.<\/li>\n<li class=\"text-align-justify\">Hari Om Travels, \u00abla Soci\u00e9t\u00e9\u00bb, \u00abnous\u00bb, \u00abnotre\u00bb ou \u00abnos\u00bb et ses utilisateurs seront ci-apr\u00e8s d\u00e9nomm\u00e9s \u00abClients\u00bb, \u00abeux\u00bb ou \u00abeux\u00bb, \u00abVous\u00bb, \u00abVotre\u00bb.<\/li>\n<li class=\"text-align-justify\">Les termes et conditions s&rsquo;appliquent \u00e0 tous les circuits nationaux et internationaux, aux vacances personnalis\u00e9es et aux voyages d&rsquo;entreprise organis\u00e9s par Hari Om Travels.<\/li>\n<li class=\"text-align-justify\">En utilisant notre site Web, vous confirmez votre acceptation des conditions d\u2019utilisation du site Web et vous vous engagez \u00e0 les respecter.<\/li>\n<\/ul>\n<p class=\"text-align-justify\">\u00a0<\/p>\n<h3 class=\"text-align-justify\">D\u00e9finitions<\/h3>\n<h4 class=\"text-align-justify\">Dans ces Termes et Conditions, sauf si le contexte l&rsquo;exige autrement<\/h4>\n<ul>\n<li class=\"text-align-justify\">Client \/ s d\u00e9signe tous les clients, touristes, voyageurs, vacanciers, touristes, visiteurs, routards qui ont enregistr\u00e9 leur nom ou se sont renseign\u00e9s sur les vols \/ h\u00f4tels \/ circuits \/ forfaits ou ont r\u00e9serv\u00e9 le circuit en payant une partie ou la totalit\u00e9 des circuits pr\u00e9vus, personnalis\u00e9s les forfaits ou tout autre service li\u00e9 au voyage fourni par Hari Om Travels (quelle expression, \u00e0 moins qu&rsquo;elle ne r\u00e9pugne au contexte ou \u00e0 sa signification, soit consid\u00e9r\u00e9e comme signifiant et incluant leurs h\u00e9ritiers, ex\u00e9cuteurs testamentaires et administrateurs respectifs)<\/li>\n<li class=\"text-align-justify\">Tour \/ s signifie tous les circuits nationaux \/ internationaux organis\u00e9s par Hari Om Travels.<\/li>\n<li class=\"text-align-justify\">FIT signifie Free Independent Travel et GIT signifie Group Inclusive Tour.<\/li>\n<li class=\"text-align-justify\">Des vacances personnalis\u00e9es signifient des vacances sur mesure dans lesquelles l&rsquo;itin\u00e9raire de la visite est con\u00e7u selon les besoins individuels de chaque invit\u00e9.<\/li>\n<li class=\"text-align-justify\">Les circuits sp\u00e9cialis\u00e9s comprennent des circuits tels que le sp\u00e9cial lune de miel, le sp\u00e9cial femmes, le sp\u00e9cial seniors, le c\u00e9libataire, le week-end, les vacances apr\u00e8s la tourn\u00e9e et les f\u00eates du festival.<\/li>\n<li class=\"text-align-justify\">Les voyages d&rsquo;entreprise (MICE) d\u00e9signent une niche sp\u00e9cialis\u00e9e du tourisme de groupe d\u00e9di\u00e9e \u00e0 la planification, la r\u00e9servation et la facilitation de r\u00e9unions, incentives, conf\u00e9rences, expositions, s\u00e9minaires et autres \u00e9v\u00e9nements.<\/li>\n<li class=\"text-align-justify\">Le premier jour de l&rsquo;excursion commencera \u00e0 tout moment (c&rsquo;est-\u00e0-dire le matin \/ l&rsquo;apr\u00e8s-midi \/ le soir) \u00e0 la premi\u00e8re destination en fonction de l&rsquo;arriv\u00e9e du vol \/ train \/ croisi\u00e8re respectif ou de tout autre mode de transport et il en sera de m\u00eame en cas de le dernier jour de la visite. En d&rsquo;autres termes, un \u00abjour\u00bb d\u00e9signe une partie de la journ\u00e9e ou 24 heures ou une partie de celle-ci.<\/li>\n<li class=\"text-align-justify\">Force Majeure signifie un \u00e9v\u00e9nement ou une circonstance \u00e9chappant au contr\u00f4le raisonnable, directement ou indirectement, de Hari Om Travels dans sa capacit\u00e9 \u00e0 s&rsquo;acquitter de ses obligations \/ responsabilit\u00e9s concernant le voyage, y compris<br \/><br \/><strong>&#8211; 1. Guerre, invasion hostile, acte d&rsquo;ennemis \u00e9trangers.<br \/><\/strong><strong>&#8211; 2. R\u00e9bellion, r\u00e9volution, insurrection ou pouvoir militaire ou usurp\u00e9 ou guerre civile.<br \/><\/strong><strong>&#8211; 3. \u00c9pid\u00e9mie, virus pand\u00e9mique, explosion, incendie, inondation, tremblement de terre ou autre calamit\u00e9 naturelle exceptionnelle et cas de force majeure.<br \/><\/strong><strong>&#8211; 4. Rayonnement ionisant ou contamination par radioactivit\u00e9 de tout combustible nucl\u00e9aire ou de tout d\u00e9chet nucl\u00e9aire provenant de la combustion de combustible nucl\u00e9aire, d&rsquo;explosif toxique radioactif ou d&rsquo;autres propri\u00e9t\u00e9s dangereuses de tout assemblage nucl\u00e9aire explosif ou composant nucl\u00e9aire d&rsquo;un tel assemblage.<br \/><\/strong><strong>&#8211; 5. Toute \u00e9meute, agitation ou d\u00e9sordre.<br \/><\/strong><strong>&#8211; 6. Tout acte de toute institution gouvernementale.<br \/><\/strong><strong>&#8211; 7. Modification des exigences l\u00e9gales;<br \/><\/strong><strong>&#8211; 8. Gr\u00e8ves, lock-out ou autres perturbations industrielles.<br \/><\/strong><strong>&#8211; 9. Conditions m\u00e9t\u00e9orologiques ou de mer anormales, y compris temp\u00eate, foudre, ouragan, typhon, pluie et temp\u00e9ratures.<\/strong><\/li>\n<\/ul>\n<p class=\"text-align-center\">\u00a0<\/p>\n<ul>\n<li class=\"text-align-justify\">Brochure signifie brochure imprim\u00e9e, site Web, itin\u00e9raire, d\u00e9pliants, livret, grille de prix.<\/li>\n<li class=\"text-align-justify\">Tour Manager \/ Leader \/ Escort \/ Assistant: Une personne d\u00e9sign\u00e9e par la soci\u00e9t\u00e9 pour aider \/ guider \/ assister le \/ les invit\u00e9 \/ s dans et \/ ou pendant les visites organis\u00e9es par Hari Om Travels.<\/li>\n<li class=\"text-align-justify\">Chacun de ces termes et conditions sera divisible et si l&rsquo;une de ses dispositions est d\u00e9clar\u00e9e invalide, ill\u00e9gale ou inapplicable, les dispositions restantes auront n\u00e9anmoins pleine force et effet.<\/li>\n<li class=\"text-align-justify\">VISA signifie un certificat d\u00e9livr\u00e9 ou un cachet marqu\u00e9 (sur le passeport du demandeur) par les autorit\u00e9s d&rsquo;immigration d&rsquo;un pays pour indiquer que les informations d&rsquo;identification du demandeur ont \u00e9t\u00e9 v\u00e9rifi\u00e9es et qu&rsquo;il a \u00e9t\u00e9 autoris\u00e9 \u00e0 entrer dans le pays pour un s\u00e9jour temporaire dans un d\u00e9lai sp\u00e9cifi\u00e9. p\u00e9riode. (Remarque: la soci\u00e9t\u00e9 n&rsquo;a aucun r\u00f4le \u00e0 jouer pour la d\u00e9livrance \/ le rejet des visas autre que d&rsquo;\u00eatre un facilitateur).<\/li>\n<li class=\"text-align-justify\">Politique d&rsquo;annulation signifie et comprend tous les frais d&rsquo;annulation pr\u00e9lev\u00e9s par la soci\u00e9t\u00e9 de temps \u00e0 autre, les frais d&rsquo;annulation de tiers, etc.<\/li>\n<li class=\"text-align-justify\">Politique d&rsquo;annulation de visa signifie et comprend tous les frais d&rsquo;annulation pr\u00e9lev\u00e9s par l&rsquo;entreprise de temps \u00e0 autretemps d\u00e9coulant de la non-octroi ou du retard de l&rsquo;octroi du visa par le consulat concern\u00e9 pour quelque raison que ce soit.<\/li>\n<li class=\"text-align-justify\">La comp\u00e9tence d\u00e9signe la zone g\u00e9ographique sur laquelle un tribunal ou un organisme gouvernemental a le pouvoir et le droit d&rsquo;exercer son autorit\u00e9. Les parties aux pr\u00e9sentes conviennent de conf\u00e9rer une juridiction exclusive aux forums.<\/li>\n<li class=\"text-align-justify\">Les termes et conditions d\u00e9signent ces termes et conditions et comprennent les crit\u00e8res de r\u00e9servation, le paiement du tour, le formulaire de r\u00e9servation, les pages Web, la brochure, la politique d&rsquo;annulation, l&rsquo;itin\u00e9raire et d&rsquo;autres documents pouvant \u00eatre notifi\u00e9s de temps \u00e0 autre.<\/li>\n<\/ul>\n\t\t\t\t\t\t\t\t<\/div>\n\t\t\t\t<\/div>\n\t\t\t\t\t<\/div>\n\t\t\t\t<\/div>\n\t\t\t\t<\/div>\n\t\t","protected":false},"excerpt":{"rendered":"<p>Merci d&rsquo;avoir choisi Hari Om Travels pour la meilleure exp\u00e9rience de voyage. Nous mettons tout en \u0153uvre pour que vous viviez une exp\u00e9rience de vacances chaleureuse et agr\u00e9able. Nous accordons une attention particuli\u00e8re \u00e0 chaque d\u00e9tail de votre visite. Dans le m\u00eame temps, nous vous demandons de lire et de suivre les termes et conditions [&hellip;]<\/p>\n","protected":false},"author":1,"featured_media":0,"parent":0,"menu_order":0,"comment_status":"closed","ping_status":"closed","template":"","meta":{"footnotes":""},"class_list":["post-758","page","type-page","status-publish","hentry"],"_links":{"self":[{"href":"http:\/\/hariomtravels.com\/fr\/wp-json\/wp\/v2\/pages\/758","targetHints":{"allow":["GET"]}}],"collection":[{"href":"http:\/\/hariomtravels.com\/fr\/wp-json\/wp\/v2\/pages"}],"about":[{"href":"http:\/\/hariomtravels.com\/fr\/wp-json\/wp\/v2\/types\/page"}],"author":[{"embeddable":true,"href":"http:\/\/hariomtravels.com\/fr\/wp-json\/wp\/v2\/users\/1"}],"replies":[{"embeddable":true,"href":"http:\/\/hariomtravels.com\/fr\/wp-json\/wp\/v2\/comments?post=758"}],"version-history":[{"count":10,"href":"http:\/\/hariomtravels.com\/fr\/wp-json\/wp\/v2\/pages\/758\/revisions"}],"predecessor-version":[{"id":1723,"href":"http:\/\/hariomtravels.com\/fr\/wp-json\/wp\/v2\/pages\/758\/revisions\/1723"}],"wp:attachment":[{"href":"http:\/\/hariomtravels.com\/fr\/wp-json\/wp\/v2\/media?parent=758"}],"curies":[{"name":"wp","href":"https:\/\/api.w.org\/{rel}","templated":true}]}}