{"id":3,"date":"2024-03-20T15:02:51","date_gmt":"2024-03-20T15:02:51","guid":{"rendered":"https:\/\/hariomtravels.com\/?page_id=3"},"modified":"2024-05-03T14:17:10","modified_gmt":"2024-05-03T14:17:10","slug":"privacy-policy","status":"publish","type":"page","link":"http:\/\/hariomtravels.com\/fr\/privacy-policy\/","title":{"rendered":"Politique de confidentialit\u00e9"},"content":{"rendered":"\t\t<div data-elementor-type=\"wp-page\" data-elementor-id=\"3\" class=\"elementor elementor-3\" data-elementor-post-type=\"page\">\n\t\t\t\t<div class=\"elementor-element elementor-element-cbe0e42 e-flex e-con-boxed e-con e-parent\" data-id=\"cbe0e42\" data-element_type=\"container\" data-e-type=\"container\" data-settings=\"{&quot;background_background&quot;:&quot;classic&quot;}\">\n\t\t\t\t\t<div class=\"e-con-inner\">\n\t\t\t\t\t<\/div>\n\t\t\t\t<\/div>\n\t\t<div class=\"elementor-element elementor-element-19281a74 e-flex e-con-boxed e-con e-parent\" data-id=\"19281a74\" data-element_type=\"container\" data-e-type=\"container\">\n\t\t\t\t\t<div class=\"e-con-inner\">\n\t\t\t\t<div class=\"elementor-element elementor-element-6ae0197 elementor-widget elementor-widget-text-editor\" data-id=\"6ae0197\" data-element_type=\"widget\" data-e-type=\"widget\" data-widget_type=\"text-editor.default\">\n\t\t\t\t<div class=\"elementor-widget-container\">\n\t\t\t\t\t\t\t\t\t\n<p>Hariom Travels reconna\u00eet l&rsquo;importance de la confidentialit\u00e9 de ses utilisateurs et \u00e9galement du maintien de la confidentialit\u00e9 des informations fournies par ses utilisateurs en tant que responsable du traitement et du traitement des donn\u00e9es.<\/p>\n<p class=\"text-align-justify\">Cette politique de confidentialit\u00e9 pr\u00e9voit les pratiques de traitement et de s\u00e9curisation des informations personnelles de l&rsquo;utilisateur (d\u00e9finies ci-dessous) par Hariom Travels et ses filiales et soci\u00e9t\u00e9s affili\u00e9es.<\/p>\n<p class=\"text-align-justify\">Cette politique de confidentialit\u00e9 est applicable \u00e0 toute personne (\u00ab\u00a0 utilisateur \u00a0\u00bb) qui ach\u00e8te, a l&rsquo;intention d&rsquo;acheter ou s&rsquo;enquiert de tout produit ou service(s) mis \u00e0 disposition par Hariom Travels via l&rsquo;un des canaux d&rsquo;interface client de Hariom Travels, y compris ses site Web et canaux hors ligne, y compris les centres d&rsquo;appels et les bureaux (collectivement d\u00e9sign\u00e9s dans les pr\u00e9sentes sous le nom de canaux de vente).<\/p>\n<p class=\"text-align-justify\">Aux fins de la pr\u00e9sente politique de confidentialit\u00e9, partout o\u00f9 le contexte l&rsquo;exige, vous ou votre d\u00e9signe l&rsquo;utilisateur et le terme nous, notre, notre d\u00e9signe Hariom Travels. Aux fins de cette politique de confidentialit\u00e9, site Web d\u00e9signe le ou les sites Web. ).\u00a0<\/p>\n<p class=\"text-align-justify\">En utilisant ou en acc\u00e9dant au site Web ou \u00e0 d&rsquo;autres canaux de vente, l&rsquo;utilisateur accepte par la pr\u00e9sente les termes de cette politique de confidentialit\u00e9 et son contenu. Si vous n&rsquo;\u00eates pas d&rsquo;accord avec cette politique de confidentialit\u00e9, veuillez ne pas utiliser ni acc\u00e9der \u00e0 notre site Web ou \u00e0 d&rsquo;autres canaux de vente.<\/p>\n<p class=\"text-align-justify\">Cette politique de confidentialit\u00e9 ne s&rsquo;applique \u00e0 aucun site Web, m\u00eame si leurs sites Web \/ produits sont li\u00e9s \u00e0 notre site Web. L&rsquo;utilisateur doit prendre note que les informations et les pratiques de confidentialit\u00e9 des partenaires commerciaux, annonceurs, sponsors ou autres sites auxquels Hariom Travels fournit des hyperliens peuvent diff\u00e9rer consid\u00e9rablement de la pr\u00e9sente politique de confidentialit\u00e9. En cons\u00e9quence, il est recommand\u00e9 de consulter les d\u00e9clarations et politiques de confidentialit\u00e9 de ces tiers avec lesquels ils interagissent.<\/p>\n<p class=\"text-align-justify\">Cette politique de confidentialit\u00e9 fait partie int\u00e9grante de votre accord d&rsquo;utilisation avec Hariom Travels et tous les termes en majuscules utilis\u00e9s, mais non autrement d\u00e9finis dans les pr\u00e9sentes, auront les significations respectives qui leur sont attribu\u00e9es dans l&rsquo;accord d&rsquo;utilisation.<\/p>\n<p>&nbsp;<\/p>\n<h4 class=\"text-align-justify wp-block-heading\">COMMENT REFUSER DE RECEVOIR NOS E-MAILS PROMOTIONNELS?<\/h4>\n<p class=\"text-align-justify\">Vous recevrez occasionnellement des e-mails ou des messages de notre part concernant les ventes de tarifs dans votre r\u00e9gion, les offres sp\u00e9ciales, les nouveaux services de Hariom Travels et d&rsquo;autres articles importants. Nous esp\u00e9rons que vous trouverez ces mises \u00e0 jour int\u00e9ressantes et informatives. Si vous ne souhaitez pas les recevoir, veuillez cliquer sur le lien de d\u00e9sinscription ou suivre les instructions dans chaque e-mail.<\/p>\n<p class=\"text-align-justify\">\u00a0<\/p>\n<h4 class=\"text-align-justify\">TYPE D&rsquo;INFORMATION QUE NOUS COLLECTONS ET SA BASE JURIDIQUE<\/h4>\n<p class=\"text-align-justify\">Les informations d\u00e9taill\u00e9es ci-dessous sont collect\u00e9es pour que nous puissions fournir les services que vous avez choisis et \u00e9galement pour remplir nos obligations l\u00e9gales ainsi que nos obligations envers des tiers conform\u00e9ment \u00e0 notre accord d&rsquo;utilisation.<\/p>\n<p class=\"text-align-justify\">Les informations personnelles de l&rsquo;utilisateur doivent inclure les informations partag\u00e9es par l&rsquo;utilisateur et collect\u00e9es par nous aux fins suivantes:<\/p>\n<p class=\"text-align-justify\">Inscription sur le site Web: informations que vous fournissez lors de votre inscription ou de votre inscription sur le site Web, y compris, mais sans s&rsquo;y limiter, des informations sur votre identit\u00e9 personnelle telles que nom, contact, adresse e-mail, adresses postales, num\u00e9ro de voyageur fr\u00e9quent, t\u00e9l\u00e9phone (mobile ou autre) et \/ ou num\u00e9ros de fax. Autres informations: nous recueillons \u00e9galement d&rsquo;autres informations et documents, notamment, mais sans s&rsquo;y limiter:<\/p>\n<ul>\n<li>Historique des transactions (autres que les coordonn\u00e9es bancaires) sur vos activit\u00e9s de commerce \u00e9lectronique, comportement d&rsquo;achat.<\/li>\n<li>Vos noms d&rsquo;utilisateur, mots de passe, adresses e-mail et autres informations relatives \u00e0 la s\u00e9curit\u00e9 que vous utilisez en relation avec nos services.<\/li>\n<li>Donn\u00e9es cr\u00e9\u00e9es par vous ou par un tiers et que vous souhaitez stocker sur nos serveurs tels que fichiers image, documents, etc.<\/li>\n<li>Donn\u00e9es disponibles dans le domaine public ou re\u00e7ues de tout tiers, y compris les canaux de m\u00e9dias sociaux, y compris, mais sans s&rsquo;y limiter, les informations personnelles ou non personnelles de vos canaux de m\u00e9dias sociaux li\u00e9s (comme le nom, l&rsquo;adresse e-mail, la liste d&rsquo;amis, les photos de profil ou toute autre information qui est autoris\u00e9 \u00e0 \u00eatre re\u00e7u selon les param\u00e8tres de votre compte) dans le cadre des informations de votre compte.<\/li>\n<li>Informations concernant tout autre voyageur pour lequel vous effectuez une r\u00e9servation via votre compte Hariom Travels enregistr\u00e9. Dans ce cas, vous devez confirmer et d\u00e9clarer que chacun des autres voyageurs pour lesquels une r\u00e9servation a \u00e9t\u00e9 effectu\u00e9e, a accept\u00e9 que les informations que vous avez partag\u00e9es nous soient divulgu\u00e9es et que nous les partagions ensuite avec le fournisseur de services concern\u00e9(s).<\/li>\n<li>Si vous demandez \u00e0 Hariom Travels de fournir des services li\u00e9s aux visas, des copies de votre passeport, des relev\u00e9s bancaires, des originaux des formulaires de demande remplis, des photographies et toute autre information pouvant \u00eatre requise par l&rsquo;ambassade respective pour traiter votre demande de visa.<\/li>\n<\/ul>\n<h4>\u00a0<\/h4>\n<h4 class=\"text-align-justify\">MODIFICATIONS DE LA POLITIQUE DE CONFIDENTIALIT\u00c9<\/h4>\n<p class=\"text-align-justify\">Nous nous r\u00e9servons le droit de r\u00e9viser la politique de confidentialit\u00e9 de temps \u00e0 autre pour r\u00e9pondre aux diverses exigences juridiques, commerciales et des clients. Nous informerons d\u00fbment les utilisateurs si n\u00e9cessaire.<\/p>\n<p class=\"text-align-justify\">Vous pouvez toujours soumettre des pr\u00e9occupations concernant cette politique de confidentialit\u00e9 par e-mail \u00e0\u00a0<span style=\"color: #0000ff;\"><a style=\"color: #0000ff;\" href=\"mailto:commercialpnr@hariomtravels.com\"><b>commercialpnr@hariomtravels.com.<\/b><\/a><\/span><b>\u00a0<\/b><strong><br>Hariom Travels s&rsquo;efforcera de r\u00e9pondre \u00e0 toute pr\u00e9occupation raisonnable s et s&rsquo;enquiert.<\/strong><\/p>\n\t\t\t\t\t\t\t\t<\/div>\n\t\t\t\t<\/div>\n\t\t\t\t\t<\/div>\n\t\t\t\t<\/div>\n\t\t\t\t<\/div>\n\t\t","protected":false},"excerpt":{"rendered":"<p>Hariom Travels reconna\u00eet l&rsquo;importance de la confidentialit\u00e9 de ses utilisateurs et \u00e9galement du maintien de la confidentialit\u00e9 des informations fournies par ses utilisateurs en tant que responsable du traitement et du traitement des donn\u00e9es. Cette politique de confidentialit\u00e9 pr\u00e9voit les pratiques de traitement et de s\u00e9curisation des informations personnelles de l&rsquo;utilisateur (d\u00e9finies ci-dessous) par Hariom [&hellip;]<\/p>\n","protected":false},"author":1,"featured_media":0,"parent":0,"menu_order":0,"comment_status":"closed","ping_status":"closed","template":"","meta":{"footnotes":""},"class_list":["post-3","page","type-page","status-publish","hentry"],"_links":{"self":[{"href":"http:\/\/hariomtravels.com\/fr\/wp-json\/wp\/v2\/pages\/3","targetHints":{"allow":["GET"]}}],"collection":[{"href":"http:\/\/hariomtravels.com\/fr\/wp-json\/wp\/v2\/pages"}],"about":[{"href":"http:\/\/hariomtravels.com\/fr\/wp-json\/wp\/v2\/types\/page"}],"author":[{"embeddable":true,"href":"http:\/\/hariomtravels.com\/fr\/wp-json\/wp\/v2\/users\/1"}],"replies":[{"embeddable":true,"href":"http:\/\/hariomtravels.com\/fr\/wp-json\/wp\/v2\/comments?post=3"}],"version-history":[{"count":21,"href":"http:\/\/hariomtravels.com\/fr\/wp-json\/wp\/v2\/pages\/3\/revisions"}],"predecessor-version":[{"id":1717,"href":"http:\/\/hariomtravels.com\/fr\/wp-json\/wp\/v2\/pages\/3\/revisions\/1717"}],"wp:attachment":[{"href":"http:\/\/hariomtravels.com\/fr\/wp-json\/wp\/v2\/media?parent=3"}],"curies":[{"name":"wp","href":"https:\/\/api.w.org\/{rel}","templated":true}]}}